{"id":570,"date":"2024-06-10T09:19:19","date_gmt":"2024-06-10T09:19:19","guid":{"rendered":"http:\/\/careox-demo.local\/?page_id=570"},"modified":"2025-06-26T13:51:41","modified_gmt":"2025-06-26T11:51:41","slug":"testimonials-page","status":"publish","type":"page","link":"https:\/\/hareja.org\/?page_id=570","title":{"rendered":"YALEC"},"content":{"rendered":"\t\t<div data-elementor-type=\"wp-page\" data-elementor-id=\"570\" class=\"elementor elementor-570\">\n\t\t\t\t<div class=\"elementor-element elementor-element-6dd022e e-flex e-con-boxed e-con e-parent\" data-id=\"6dd022e\" data-element_type=\"container\">\n\t\t\t\t\t<div class=\"e-con-inner\">\n\t\t<div class=\"elementor-element elementor-element-b0e6df2 e-con-full e-flex e-con e-child\" data-id=\"b0e6df2\" data-element_type=\"container\">\n\t\t\t\t<\/div>\n\t\t\t\t\t<\/div>\n\t\t\t\t<\/div>\n\t\t<div class=\"elementor-element elementor-element-8d2321b e-flex e-con-boxed e-con e-parent\" data-id=\"8d2321b\" data-element_type=\"container\">\n\t\t\t\t\t<div class=\"e-con-inner\">\n\t\t\t\t<div class=\"elementor-element elementor-element-b6d6a79 elementor-widget elementor-widget-careox-about\" data-id=\"b6d6a79\" data-element_type=\"widget\" data-widget_type=\"careox-about.default\">\n\t\t\t\t<div class=\"elementor-widget-container\">\n\t\t\t\t\t\t<section class=\"about-three\">\r\n\t\t<div class=\"container\">\r\n\t\t\t<div class=\"row\">\r\n\t\t\t\t<div class=\"col-lg-6 wow fadeInLeft\" data-wow-delay=\"100ms\">\r\n\t\t\t\t\t<div class=\"about-three__content\">\r\n\t\t\t\t\t\t\t\t\t\t\t\t\t<div class=\"sec-title text-left\">\r\n\t\t\t\t\t\t\t\t\t\t\t\t\t\t\t\t\t<h6 class=\"sec-title__tagline bw-split-in-right\"><span class=\"sec-title__tagline__border\"><\/span>YALEC Vushtrri<\/h6><!-- \/.sec-title__tagline -->\r\n\t\t\t\t\t\t\t\t\t\t\t\t\t\t\t\t\t\t\t\t\t\t\t\t\t<p class=\"sec-title__title bw-split-in-left\">Qendra p\u00ebr Arsimin dhe Edukimin e t\u00eb Rinjve dhe t\u00eb Rriturve<\/p><!-- \/.sec-title__title -->\r\n\t\t\t\t\t\t\t\t\t\t\t\t\t\t\t<\/div><!-- \/.sec-title -->\r\n\t\t\t\t\t\t\t\t\t\t\t\t\t\t\t\t\t\t\t<p class=\"about-three__content__text\">\r\n\t\t\t\t\t\t\t\tThemelimi i Qendr\u00ebs p\u00ebr Arsimimin dhe Edukimin e t\u00eb Rinjve dhe t\u00eb Rriturve n\u00eb Vushtrri \u00ebsht\u00eb rezultat i nj\u00eb bashk\u00ebpunimi konkstruktiv nd\u00ebrmjet OJQ-s\u00eb Hareja, Komun\u00ebs s\u00eb Vushtrris\u00eb dhe DVV International.\n\nKjo iniciativ\u00eb synon t\u00eb krijoj nj\u00eb mjedis t\u00eb p\u00ebrshtatsh\u00ebm p\u00ebr zhvillimin e programeve gjith\u00ebp\u00ebrfshir\u00ebse t\u00eb arsimit formal dhe joformal, duke ofruar mund\u00ebsi reale p\u00ebr pjes\u00ebmarrjen aktive t\u00eb t\u00eb rinjve dhe t\u00eb rriturve n\u00eb nj\u00eb gam\u00eb t\u00eb gjer\u00eb fushash dhe metodash t\u00eb dukimit holistik, t\u00eb p\u00ebrshtatura sipas nevojave t\u00eb komunitetit lokal.\t\t\t\t\t\t\t<\/p>\r\n\t\t\t\t\t\t\t\t\t\t\t\t\t\t\t\t\t\t\t<ul class=\"about-three__content__list ml-0\">\r\n\t\t\t\t\t\t\t\t\t\t\t\t\t\t\t\t\t<li>\r\n\t\t\t\t\t\t\t\t\t\t<span class=\"about-three__content__list__icon\"><i aria-hidden=\"true\" class=\"icofont-check-circled\"><\/i><\/span>\r\n\t\t\t\t\t\t\t\t\t\tShkatht\u00ebsi t\u00eb buta\t\t\t\t\t\t\t\t\t<\/li>\r\n\t\t\t\t\t\t\t\t\t\t\t\t\t\t\t\t\t<li>\r\n\t\t\t\t\t\t\t\t\t\t<span class=\"about-three__content__list__icon\"><i aria-hidden=\"true\" class=\"icofont-check-circled\"><\/i><\/span>\r\n\t\t\t\t\t\t\t\t\t\tOrientim n\u00eb karrier\u00eb\t\t\t\t\t\t\t\t\t<\/li>\r\n\t\t\t\t\t\t\t\t\t\t\t\t\t\t\t\t\t<li>\r\n\t\t\t\t\t\t\t\t\t\t<span class=\"about-three__content__list__icon\"><i aria-hidden=\"true\" class=\"icofont-check-circled\"><\/i><\/span>\r\n\t\t\t\t\t\t\t\t\t\tNd\u00ebrmarr\u00ebsi - plan biznesi\t\t\t\t\t\t\t\t\t<\/li>\r\n\t\t\t\t\t\t\t\t\t\t\t\t\t\t\t\t\t<li>\r\n\t\t\t\t\t\t\t\t\t\t<span class=\"about-three__content__list__icon\"><i aria-hidden=\"true\" class=\"icofont-check-circled\"><\/i><\/span>\r\n\t\t\t\t\t\t\t\t\t\tMenaxhim i ciklit t\u00eb projektit\t\t\t\t\t\t\t\t\t<\/li>\r\n\t\t\t\t\t\t\t\t\t\t\t\t\t\t\t\t\t<li>\r\n\t\t\t\t\t\t\t\t\t\t<span class=\"about-three__content__list__icon\"><i aria-hidden=\"true\" class=\"icofont-check-circled\"><\/i><\/span>\r\n\t\t\t\t\t\t\t\t\t\tMarketing digjital\t\t\t\t\t\t\t\t\t<\/li>\r\n\t\t\t\t\t\t\t\t\t\t\t\t\t\t\t\t\t<li>\r\n\t\t\t\t\t\t\t\t\t\t<span class=\"about-three__content__list__icon\"><i aria-hidden=\"true\" class=\"icofont-check-circled\"><\/i><\/span>\r\n\t\t\t\t\t\t\t\t\t\tMenaxhim i rrjeteve sociale\t\t\t\t\t\t\t\t\t<\/li>\r\n\t\t\t\t\t\t\t\t\t\t\t\t\t\t\t\t\t<li>\r\n\t\t\t\t\t\t\t\t\t\t<span class=\"about-three__content__list__icon\"><i aria-hidden=\"true\" class=\"icofont-check-circled\"><\/i><\/span>\r\n\t\t\t\t\t\t\t\t\t\tAplikim i Intelegjenc\u00ebs Artificiale\t\t\t\t\t\t\t\t\t<\/li>\r\n\t\t\t\t\t\t\t\t\t\t\t\t\t\t\t\t\t<li>\r\n\t\t\t\t\t\t\t\t\t\t<span class=\"about-three__content__list__icon\"><i aria-hidden=\"true\" class=\"icofont-check-circled\"><\/i><\/span>\r\n\t\t\t\t\t\t\t\t\t\tEkstremizmi i dhunsh\u00ebm\t\t\t\t\t\t\t\t\t<\/li>\r\n\t\t\t\t\t\t\t\t\t\t\t\t\t\t\t\t\t<li>\r\n\t\t\t\t\t\t\t\t\t\t<span class=\"about-three__content__list__icon\"><i aria-hidden=\"true\" class=\"icofont-check-circled\"><\/i><\/span>\r\n\t\t\t\t\t\t\t\t\t\tKodim dhe robotik\u00eb\t\t\t\t\t\t\t\t\t<\/li>\r\n\t\t\t\t\t\t\t\t\t\t\t\t\t\t\t\t\t<li>\r\n\t\t\t\t\t\t\t\t\t\t<span class=\"about-three__content__list__icon\"><i aria-hidden=\"true\" class=\"icofont-check-circled\"><\/i><\/span>\r\n\t\t\t\t\t\t\t\t\t\tDizajn mode dhe rrobaqep\u00ebsie\t\t\t\t\t\t\t\t\t<\/li>\r\n\t\t\t\t\t\t\t\t\t\t\t\t\t\t\t\t\t<li>\r\n\t\t\t\t\t\t\t\t\t\t<span class=\"about-three__content__list__icon\"><i aria-hidden=\"true\" class=\"icofont-check-circled\"><\/i><\/span>\r\n\t\t\t\t\t\t\t\t\t\tKurs l\u00eb l\u00ebnd\u00ebn e Matematik\u00ebs\t\t\t\t\t\t\t\t\t<\/li>\r\n\t\t\t\t\t\t\t\t\t\t\t\t\t\t\t\t\t<li>\r\n\t\t\t\t\t\t\t\t\t\t<span class=\"about-three__content__list__icon\"><i aria-hidden=\"true\" class=\"icofont-check-circled\"><\/i><\/span>\r\n\t\t\t\t\t\t\t\t\t\tKurs i gjuh\u00ebs angleze\t\t\t\t\t\t\t\t\t<\/li>\r\n\t\t\t\t\t\t\t\t\t\t\t\t\t\t\t<\/ul>\r\n\t\t\t\t\t\t\t\t\t\t\t\t\t\t\t\t\t\t\t<div class=\"row gutter-y-30\">\r\n\t\t\t\t\t\t\t\t\t\t\t\t\t\t\t\t\t<div class=\"col-md-6\">\r\n\t\t\t\t\t\t\t\t\t\t<div class=\"about-three__content__box\" style=\"--accent-color: #ffa415;\">\r\n\t\t\t\t\t\t\t\t\t\t\t<div class=\"about-three__content__box__icon\"><span aria-hidden=\"true\" class=\"fas fa-check-circle\"><\/span><\/div>\r\n\t\t\t\t\t\t\t\t\t\t\t<h5 class=\"about-three__content__box__title\">Q\u00ebllimi i projektit<\/h5>\r\n\t\t\t\t\t\t\t\t\t\t<\/div>\r\n\t\t\t\t\t\t\t\t\t<\/div>\r\n\t\t\t\t\t\t\t\t\t\t\t\t\t\t\t<\/div>\r\n\t\t\t\t\t\t\t\t\t\t\t\t\t\t\t\t\t\t\t<p class=\"about-three__content__text-two\">\r\n\t\t\t\t\t\t\t\tQendra e tret\u00eb holistike p\u00ebr Arsimimin dhe Edukimin e t\u00eb Rriturve, e bazuar n\u00eb p\u00ebrvoj\u00ebn e Shkollave Popullore Gjermane (VHS), \u00ebsht\u00eb themeluar n\u00eb bashk\u00ebpunimin me OJQ-n\u00eb Hareja n\u00eb Vushtrri. T\u00eb gjitha ofertat edukativo-arsimore do t\u00eb dizajnohen dhe zhvillohen n\u00eb p\u00ebrputhje me nevojat dhe interesat e komunitetit lokal n\u00eb Komun\u00ebn e Vushtrris\u00eb.\t\t\t\t\t\t\t<\/p>\r\n\t\t\t\t\t\t\t\t\t\t\t\t\t\t\t\t\t<\/div><!-- \/.about__content -->\r\n\t\t\t\t<\/div><!-- \/.col-lg-6 -->\r\n\t\t\t\t<div class=\"col-lg-6\">\r\n\t\t\t\t\t<div class=\"about-three__image wow fadeInRight\" data-wow-delay=\"200ms\">\r\n\t\t\t\t\t\t<div class=\"about-three__image__shape-one\"><img decoding=\"async\" src=\"https:\/\/hareja.org\/wp-content\/uploads\/2024\/06\/service-3-shape-2.png\" alt=\"service-3-shape-2\" title=\"service-3-shape-2\" ><\/div>\r\n\t\t\t\t\t\t<img decoding=\"async\" src=\"https:\/\/hareja.org\/wp-content\/uploads\/2025\/06\/1-2.png\" alt=\"1\" title=\"1\" >\t\t\t\t\t\t<div class=\"about-three__image__right wow fadeInUp\" data-wow-delay=\"300ms\">\r\n\t\t\t\t\t\t\t<img decoding=\"async\" src=\"https:\/\/hareja.org\/wp-content\/uploads\/2025\/06\/123321.png\" alt=\"123321\" title=\"123321\" >\t\t\t\t\t\t<\/div>\r\n\t\t\t\t\t\t<div class=\"about-three__image__shape-two\"><img decoding=\"async\" src=\"https:\/\/hareja.org\/wp-content\/uploads\/2024\/06\/about-2-shape-2.png\" alt=\"about-2-shape-2\" title=\"about-2-shape-2\" ><\/div>\r\n\t\t\t\t\t<\/div><!-- \/.why-choose-two__image -->\r\n\t\t\t\t<\/div><!-- \/.col-lg-6 -->\r\n\t\t\t<\/div><!-- \/.row -->\r\n\t\t<\/div><!-- \/.container -->\r\n\t<\/section><!-- \/.about-three -->\r\n\t\t\t\t<\/div>\n\t\t\t\t<\/div>\n\t\t\t\t\t<\/div>\n\t\t\t\t<\/div>\n\t\t<div class=\"elementor-element elementor-element-eb3c449 e-flex e-con-boxed e-con e-parent\" data-id=\"eb3c449\" data-element_type=\"container\">\n\t\t\t\t\t<div class=\"e-con-inner\">\n\t\t\t\t<div class=\"elementor-element elementor-element-ab7b4ca elementor-widget elementor-widget-careox-sponsors\" data-id=\"ab7b4ca\" data-element_type=\"widget\" data-widget_type=\"careox-sponsors.default\">\n\t\t\t\t<div class=\"elementor-widget-container\">\n\t\t\t\t\t\t<div class=\"client-carousel \">\r\n\t\t<div class=\"container\">\r\n\t\t\t<div class=\"client-carousel__one careox-owl__carousel owl-theme owl-carousel\" data-owl-options='{&quot;loop&quot;:true,&quot;margin&quot;:0,&quot;items&quot;:1,&quot;nav&quot;:false,&quot;dots&quot;:true,&quot;smartSpeed&quot;:700,&quot;autoplay&quot;:true,&quot;autoplayTimeout&quot;:5000,&quot;animateOut&quot;:&quot;&quot;,&quot;animateIn&quot;:&quot;&quot;,&quot;autoplayHoverPause&quot;:true,&quot;center&quot;:true,&quot;responsive&quot;:[{&quot;margin&quot;:0,&quot;items&quot;:4}]}'>\r\n\t\t\t\t\t\t\t\t\t<div class=\"client-carousel__one__item\">\r\n\t\t\t\t\t\t<img decoding=\"async\" src=\"https:\/\/hareja.org\/wp-content\/uploads\/2025\/06\/1.png\" alt=\"1\" title=\"1\" class=\"client-carousel__one__item__normal\" >\t\t\t\t\t\t<img decoding=\"async\" src=\"https:\/\/hareja.org\/wp-content\/uploads\/2025\/06\/1.png\" alt=\"1\" title=\"1\" class=\"client-carousel__one__item__hover\" >\t\t\t\t\t<\/div><!-- \/.owl-slide-item-->\r\n\t\t\t\t\t\t\t\t\t<div class=\"client-carousel__one__item\">\r\n\t\t\t\t\t\t<img decoding=\"async\" src=\"https:\/\/hareja.org\/wp-content\/uploads\/2025\/06\/2-1.png\" alt=\"2\" title=\"2\" class=\"client-carousel__one__item__normal\" >\t\t\t\t\t\t<img decoding=\"async\" src=\"https:\/\/hareja.org\/wp-content\/uploads\/2025\/06\/2-1.png\" alt=\"2\" title=\"2\" class=\"client-carousel__one__item__hover\" >\t\t\t\t\t<\/div><!-- \/.owl-slide-item-->\r\n\t\t\t\t\t\t\t<\/div><!-- \/.thm-owl__slider -->\r\n\t\t<\/div><!-- \/.container -->\r\n\t<\/div><!-- \/.client-carousel -->\r\n\t\t\t\t<\/div>\n\t\t\t\t<\/div>\n\t\t\t\t\t<\/div>\n\t\t\t\t<\/div>\n\t\t\t\t<\/div>\n\t\t","protected":false},"excerpt":{"rendered":"<p>YALEC Vushtrri Qendra p\u00ebr Arsimin dhe Edukimin e t\u00eb Rinjve dhe t\u00eb Rriturve Themelimi i Qendr\u00ebs p\u00ebr Arsimimin dhe Edukimin e t\u00eb Rinjve dhe t\u00eb Rriturve n\u00eb Vushtrri \u00ebsht\u00eb rezultat i nj\u00eb bashk\u00ebpunimi konkstruktiv nd\u00ebrmjet OJQ-s\u00eb Hareja, Komun\u00ebs s\u00eb Vushtrris\u00eb dhe DVV International. Kjo iniciativ\u00eb synon t\u00eb krijoj nj\u00eb mjedis t\u00eb p\u00ebrshtatsh\u00ebm p\u00ebr zhvillimin e [&hellip;]<\/p>\n","protected":false},"author":1,"featured_media":0,"parent":0,"menu_order":0,"comment_status":"closed","ping_status":"closed","template":"elementor_header_footer","meta":{"footnotes":""},"class_list":["post-570","page","type-page","status-publish","hentry"],"aioseo_notices":[],"_links":{"self":[{"href":"https:\/\/hareja.org\/index.php?rest_route=\/wp\/v2\/pages\/570","targetHints":{"allow":["GET"]}}],"collection":[{"href":"https:\/\/hareja.org\/index.php?rest_route=\/wp\/v2\/pages"}],"about":[{"href":"https:\/\/hareja.org\/index.php?rest_route=\/wp\/v2\/types\/page"}],"author":[{"embeddable":true,"href":"https:\/\/hareja.org\/index.php?rest_route=\/wp\/v2\/users\/1"}],"replies":[{"embeddable":true,"href":"https:\/\/hareja.org\/index.php?rest_route=%2Fwp%2Fv2%2Fcomments&post=570"}],"version-history":[{"count":35,"href":"https:\/\/hareja.org\/index.php?rest_route=\/wp\/v2\/pages\/570\/revisions"}],"predecessor-version":[{"id":3440,"href":"https:\/\/hareja.org\/index.php?rest_route=\/wp\/v2\/pages\/570\/revisions\/3440"}],"wp:attachment":[{"href":"https:\/\/hareja.org\/index.php?rest_route=%2Fwp%2Fv2%2Fmedia&parent=570"}],"curies":[{"name":"wp","href":"https:\/\/api.w.org\/{rel}","templated":true}]}}