{"id":72,"date":"2024-06-09T04:58:43","date_gmt":"2024-06-09T04:58:43","guid":{"rendered":"http:\/\/careox-demo.local\/?page_id=72"},"modified":"2025-06-23T14:35:24","modified_gmt":"2025-06-23T12:35:24","slug":"about","status":"publish","type":"page","link":"https:\/\/hareja.org\/?page_id=72","title":{"rendered":"Rreth nesh"},"content":{"rendered":"\t\t<div data-elementor-type=\"wp-page\" data-elementor-id=\"72\" class=\"elementor elementor-72\">\n\t\t\t\t<div class=\"elementor-element elementor-element-8340f2a e-con-full e-flex e-con e-parent\" data-id=\"8340f2a\" data-element_type=\"container\">\n\t\t\t\t<div class=\"elementor-element elementor-element-2086e8a elementor-widget elementor-widget-careox-about\" data-id=\"2086e8a\" data-element_type=\"widget\" data-widget_type=\"careox-about.default\">\n\t\t\t\t<div class=\"elementor-widget-container\">\n\t\t\t\t\t\t<section class=\"about-three\">\r\n\t\t<div class=\"container\">\r\n\t\t\t<div class=\"row\">\r\n\t\t\t\t<div class=\"col-lg-6 wow fadeInLeft\" data-wow-delay=\"100ms\">\r\n\t\t\t\t\t<div class=\"about-three__content\">\r\n\t\t\t\t\t\t\t\t\t\t\t\t\t<div class=\"sec-title text-left\">\r\n\t\t\t\t\t\t\t\t\t\t\t\t\t\t\t\t\t<h6 class=\"sec-title__tagline bw-split-in-right\"><span class=\"sec-title__tagline__border\"><\/span>Rreth nesh<\/h6><!-- \/.sec-title__tagline -->\r\n\t\t\t\t\t\t\t\t\t\t\t\t\t\t\t\t\t\t\t\t\t\t\t\t\t<h3 class=\"sec-title__title bw-split-in-left\">OJQ HAREJA<\/h3><!-- \/.sec-title__title -->\r\n\t\t\t\t\t\t\t\t\t\t\t\t\t\t\t<\/div><!-- \/.sec-title -->\r\n\t\t\t\t\t\t\t\t\t\t\t\t\t\t\t\t\t\t\t<p class=\"about-three__content__text\">\r\n\t\t\t\t\t\t\t\t\u00cbsht\u00eb organizat\u00eb joqeveritare e themeluar n\u00eb vitin 2002, me q\u00ebllim promovimin e zhvillimit t\u00eb shoq\u00ebris\u00eb p\u00ebrmes zbatimit t\u00eb projekteve dhe aktiviteteve n\u00eb fushat:\t\t\t\t\t\t\t<\/p>\r\n\t\t\t\t\t\t\t\t\t\t\t\t\t\t\t\t\t\t\t<ul class=\"about-three__content__list ml-0\">\r\n\t\t\t\t\t\t\t\t\t\t\t\t\t\t\t\t\t<li>\r\n\t\t\t\t\t\t\t\t\t\t<span class=\"about-three__content__list__icon\"><i aria-hidden=\"true\" class=\"icofont-check-circled\"><\/i><\/span>\r\n\t\t\t\t\t\t\t\t\t\tSociale\t\t\t\t\t\t\t\t\t<\/li>\r\n\t\t\t\t\t\t\t\t\t\t\t\t\t\t\t\t\t<li>\r\n\t\t\t\t\t\t\t\t\t\t<span class=\"about-three__content__list__icon\"><i aria-hidden=\"true\" class=\"icofont-check-circled\"><\/i><\/span>\r\n\t\t\t\t\t\t\t\t\t\tEdukative\t\t\t\t\t\t\t\t\t<\/li>\r\n\t\t\t\t\t\t\t\t\t\t\t\t\t\t\t\t\t<li>\r\n\t\t\t\t\t\t\t\t\t\t<span class=\"about-three__content__list__icon\"><i aria-hidden=\"true\" class=\"icofont-check-circled\"><\/i><\/span>\r\n\t\t\t\t\t\t\t\t\t\tKulturore\t\t\t\t\t\t\t\t\t<\/li>\r\n\t\t\t\t\t\t\t\t\t\t\t\t\t\t\t<\/ul>\r\n\t\t\t\t\t\t\t\t\t\t\t\t\t\t\t\t\t\t\t<div class=\"row gutter-y-30\">\r\n\t\t\t\t\t\t\t\t\t\t\t\t\t\t\t<\/div>\r\n\t\t\t\t\t\t\t\t\t\t\t\t\t\t\t\t\t\t\t<p class=\"about-three__content__text-two\">\r\n\t\t\t\t\t\t\t\tOrganizata synon t\u00eb fuqizoj\u00eb t\u00eb rinjt\u00eb dhe t\u00eb rriturit p\u00ebrmes p\u00ebrfshirjes aktive dhe bashk\u00ebpunimit me organizata vendore dhe nd\u00ebrkomb\u00ebtare.\t\t\t\t\t\t\t<\/p>\r\n\t\t\t\t\t\t\t\t\t\t\t\t\t\t\t\t\t<\/div><!-- \/.about__content -->\r\n\t\t\t\t<\/div><!-- \/.col-lg-6 -->\r\n\t\t\t\t<div class=\"col-lg-6\">\r\n\t\t\t\t\t<div class=\"about-three__image wow fadeInRight\" data-wow-delay=\"200ms\">\r\n\t\t\t\t\t\t<div class=\"about-three__image__shape-one\"><img decoding=\"async\" src=\"https:\/\/hareja.org\/wp-content\/uploads\/2024\/06\/service-3-shape-1.png\" alt=\"alt\" title=\"service-3-shape-1\" ><\/div>\r\n\t\t\t\t\t\t<img decoding=\"async\" src=\"https:\/\/hareja.org\/wp-content\/uploads\/2025\/06\/jjjjjjjjjjjjj-e1750412458680.png\" alt=\"jjjjjjjjjjjjj\" title=\"jjjjjjjjjjjjj\" >\t\t\t\t\t\t<div class=\"about-three__image__right wow fadeInUp\" data-wow-delay=\"300ms\">\r\n\t\t\t\t\t\t\t<img decoding=\"async\" src=\"https:\/\/hareja.org\/wp-content\/uploads\/2025\/06\/logo-tre.png\" alt=\"logo-tre\" title=\"logo-tre\" >\t\t\t\t\t\t<\/div>\r\n\t\t\t\t\t\t<div class=\"about-three__image__shape-two\"><img decoding=\"async\" src=\"https:\/\/hareja.org\/wp-content\/uploads\/2024\/06\/about-1-shape-5.png\" alt=\"about-1-shape-5\" title=\"about-1-shape-5\" ><\/div>\r\n\t\t\t\t\t<\/div><!-- \/.why-choose-two__image -->\r\n\t\t\t\t<\/div><!-- \/.col-lg-6 -->\r\n\t\t\t<\/div><!-- \/.row -->\r\n\t\t<\/div><!-- \/.container -->\r\n\t<\/section><!-- \/.about-three -->\r\n\t\t\t\t<\/div>\n\t\t\t\t<\/div>\n\t\t\t\t<\/div>\n\t\t<div class=\"elementor-element elementor-element-5d2bf33 e-con-full e-flex e-con e-parent\" data-id=\"5d2bf33\" data-element_type=\"container\">\n\t\t\t\t<div class=\"elementor-element elementor-element-01b28d5 elementor-widget elementor-widget-careox-funfact\" data-id=\"01b28d5\" data-element_type=\"widget\" data-widget_type=\"careox-funfact.default\">\n\t\t\t\t<div class=\"elementor-widget-container\">\n\t\t\t\t\t\t<section class=\"funfact-one funfact-one--about\">\r\n\t\t<div class=\"container wow fadeInUp\">\r\n\t\t\t<ul class=\"list-unstyled funfact-one__list ml-0\">\r\n\t\t\t\t\t\t\t\t\t<li class=\"funfact-one__item count-box\" style=\"--accent-color: #ffa415;\">\r\n\t\t\t\t\t\t<div class=\"funfact-one__icon\">\r\n\t\t\t\t\t\t\t<svg xmlns=\"http:\/\/www.w3.org\/2000\/svg\" width=\"30\" height=\"30\"><path d=\"M0 0 C0 0.66 0 1.32 0 2 C3.3 2 6.6 2 10 2 C10 7.61 10 13.22 10 19 C8.02 19 6.04 19 4 19 C4.33 21.97 4.66 24.94 5 28 C4.01 28 3.02 28 2 28 C1.34 25.03 0.68 22.06 0 19 C-0.66 19 -1.32 19 -2 19 C-2.66 21.97 -3.32 24.94 -4 28 C-4.99 28 -5.98 28 -7 28 C-6.505 23.545 -6.505 23.545 -6 19 C-6.66 19 -7.32 19 -8 19 C-8 18.01 -8 17.02 -8 16 C-3.38 16 1.24 16 6 16 C6 12.37 6 8.74 6 5 C1.38 5 -3.24 5 -8 5 C-8 4.01 -8 3.02 -8 2 C-2.25 0 -2.25 0 0 0 Z \" fill=\"#FFFFFF\" transform=\"translate(19,2)\"><\/path><path d=\"M0 0 C1.39456452 0.00667256 2.78911118 0.01863093 4.18359375 0.03515625 C4.89451172 0.03966797 5.60542969 0.04417969 6.33789062 0.04882812 C8.09899388 0.06064761 9.86005411 0.07858362 11.62109375 0.09765625 C11.62109375 1.08765625 11.62109375 2.07765625 11.62109375 3.09765625 C8.98109375 3.09765625 6.34109375 3.09765625 3.62109375 3.09765625 C3.62109375 8.37765625 3.62109375 13.65765625 3.62109375 19.09765625 C2.30109375 18.76765625 0.98109375 18.43765625 -0.37890625 18.09765625 C-2.5659401 18.47672907 -2.5659401 18.47672907 -4.37890625 19.09765625 C-4.40574612 16.11843032 -4.42566662 13.1394433 -4.44140625 10.16015625 C-4.44978516 9.31001953 -4.45816406 8.45988281 -4.46679688 7.58398438 C-4.47001953 6.77509766 -4.47324219 5.96621094 -4.4765625 5.1328125 C-4.48179932 4.38394775 -4.48703613 3.63508301 -4.49243164 2.86352539 C-4.28203621 -0.40914158 -3.35149431 0.096864 0 0 Z \" fill=\"#FFFFFF\" transform=\"translate(6.37890625,10.90234375)\"><\/path><path d=\"M0 0 C4.55555556 0.55555556 4.55555556 0.55555556 6 2 C6.125 4.5 6.125 4.5 6 7 C5 8 5 8 1.9375 8.0625 C0.968125 8.041875 -0.00125 8.02125 -1 8 C-1.625 5.125 -1.625 5.125 -2 2 C-1.34 1.34 -0.68 0.68 0 0 Z \" fill=\"#FFFFFF\" transform=\"translate(4,1)\"><\/path><\/svg>\t\t\t\t\t\t<\/div><!-- \/.funfact-one__icon -->\r\n\t\t\t\t\t\t<div class=\"funfact-one__content\">\r\n\t\t\t\t\t\t\t<h3 class=\"funfact-one__count\"><span class=\"count-text\" data-stop=\"50\" data-speed=\"1500\"><\/span>+\t\t\t\t\t\t\t<\/h3>\r\n\t\t\t\t\t\t\t<!-- \/.funfact-one__count -->\r\n\t\t\t\t\t\t\t<p class=\"funfact-one__text\">Trajnime<\/p><!-- \/.funfact-one__text -->\r\n\t\t\t\t\t\t<\/div><!-- \/.funfact-one__content -->\r\n\t\t\t\t\t<\/li><!-- \/.funfact-one__item -->\r\n\t\t\t\t\t\t\t\t\t<li class=\"funfact-one__item count-box\" style=\"--accent-color: #FF5528;\">\r\n\t\t\t\t\t\t<div class=\"funfact-one__icon\">\r\n\t\t\t\t\t\t\t<svg xmlns=\"http:\/\/www.w3.org\/2000\/svg\" width=\"30\" height=\"30\"><path d=\"M0 0 C9.24 0 18.48 0 28 0 C28.04125 2.43375 28.0825 4.8675 28.125 7.375 C28.14320801 8.13989746 28.16141602 8.90479492 28.18017578 9.69287109 C28.1948117 11.46287275 28.09928514 13.23272455 28 15 C27.34 15.66 26.68 16.32 26 17 C26.35299007 20.44165321 27.04581692 22.06872538 29 25 C29 26.32 29 27.64 29 29 C28.34 29 27.68 29 27 29 C26.505 26.525 26.505 26.525 26 24 C24.02 24 22.04 24 20 24 C19.67 25.65 19.34 27.3 19 29 C18.34 29 17.68 29 17 29 C17 27.35 17 25.7 17 24 C15.02 24 13.04 24 11 24 C11 25.65 11 27.3 11 29 C10.01 28.67 9.02 28.34 8 28 C8 26.68 8 25.36 8 24 C6.02 24 4.04 24 2 24 C1.67 25.65 1.34 27.3 1 29 C0.34 29 -0.32 29 -1 29 C-0.25 23.25 -0.25 23.25 2 21 C1.71016731 17.69316534 1.71016731 17.69316534 0 15 C-0.07320163 12.4672235 -0.09227569 9.96896082 -0.0625 7.4375 C-0.041875 4.983125 -0.02125 2.52875 0 0 Z M2 2 C2 5.96 2 9.92 2 14 C9.92 14 17.84 14 26 14 C26 12.35 26 10.7 26 9 C25.62875 9.474375 25.2575 9.94875 24.875 10.4375 C22.37353038 12.52205802 20.18406582 12.64621491 17 13 C17 12.34 17 11.68 17 11 C16.34 11 15.68 11 15 11 C15 8.69 15 6.38 15 4 C15.99 3.67 16.98 3.34 18 3 C18 2.67 18 2.34 18 2 C12.72 2 7.44 2 2 2 Z M22 2 C22.66 2.66 23.32 3.32 24 4 C24.69748583 5.31747324 25.36959957 6.64914193 26 8 C26 6.02 26 4.04 26 2 C24.68 2 23.36 2 22 2 Z M6 16 C6.33 17.98 6.66 19.96 7 22 C7.99 22.33 8.98 22.66 10 23 C12.28728734 21.16116119 12.28728734 21.16116119 12.125 18.375 C12.08375 17.59125 12.0425 16.8075 12 16 C10.02 16 8.04 16 6 16 Z M16 16 C16 17.98 16 19.96 16 22 C16.99 22.33 17.98 22.66 19 23 C21.35953094 20.64046906 21.49141413 19.22104383 22 16 C20.02 16 18.04 16 16 16 Z \" fill=\"#FFFFFF\" transform=\"translate(1,0)\"><\/path><path d=\"M0 0 C1.32 0 2.64 0 4 0 C4 1.65 4 3.3 4 5 C3.01 5.33 2.02 5.66 1 6 C0.01 7.485 0.01 7.485 -1 9 C-3.97 8.505 -3.97 8.505 -7 8 C-6.67 6.35 -6.34 4.7 -6 3 C-4.68 3.66 -3.36 4.32 -2 5 C0.18490007 2.32357511 0.18490007 2.32357511 0 0 Z \" fill=\"#FFFFFF\" transform=\"translate(11,4)\"><\/path><\/svg>\t\t\t\t\t\t<\/div><!-- \/.funfact-one__icon -->\r\n\t\t\t\t\t\t<div class=\"funfact-one__content\">\r\n\t\t\t\t\t\t\t<h3 class=\"funfact-one__count\"><span class=\"count-text\" data-stop=\"25\" data-speed=\"1500\"><\/span>+\t\t\t\t\t\t\t<\/h3>\r\n\t\t\t\t\t\t\t<!-- \/.funfact-one__count -->\r\n\t\t\t\t\t\t\t<p class=\"funfact-one__text\">Pun\u00ebtori<\/p><!-- \/.funfact-one__text -->\r\n\t\t\t\t\t\t<\/div><!-- \/.funfact-one__content -->\r\n\t\t\t\t\t<\/li><!-- \/.funfact-one__item -->\r\n\t\t\t\t\t\t\t\t\t<li class=\"funfact-one__item count-box\" style=\"--accent-color: #8139E7;\">\r\n\t\t\t\t\t\t<div class=\"funfact-one__icon\">\r\n\t\t\t\t\t\t\t<svg xmlns=\"http:\/\/www.w3.org\/2000\/svg\" width=\"30\" height=\"30\"><path d=\"M0 0 C1.05960938 -0.00386719 2.11921875 -0.00773438 3.2109375 -0.01171875 C4.86996094 0.00568359 4.86996094 0.00568359 6.5625 0.0234375 C8.22152344 0.00603516 8.22152344 0.00603516 9.9140625 -0.01171875 C10.97367188 -0.00785156 12.03328125 -0.00398437 13.125 0 C14.58099609 0.00507568 14.58099609 0.00507568 16.06640625 0.01025391 C18.5625 0.3984375 18.5625 0.3984375 20.37963867 1.74755859 C22.17411777 4.2520514 21.92336023 6.3629028 21.875 9.3984375 C21.87113281 10.4503125 21.86726563 11.5021875 21.86328125 12.5859375 C21.5625 15.3984375 21.5625 15.3984375 19.5625 18.3984375 C16.98046875 18.78662109 16.98046875 18.78662109 13.75 18.796875 C12.01363281 18.80267578 12.01363281 18.80267578 10.2421875 18.80859375 C9.02789063 18.79699219 7.81359375 18.78539063 6.5625 18.7734375 C5.34820312 18.78503906 4.13390625 18.79664062 2.8828125 18.80859375 C1.72523437 18.80472656 0.56765625 18.80085938 -0.625 18.796875 C-1.69105469 18.79349121 -2.75710938 18.79010742 -3.85546875 18.78662109 C-4.70753906 18.65852051 -5.55960937 18.53041992 -6.4375 18.3984375 C-8.73533606 14.95168341 -8.73504883 13.46515638 -8.75 9.3984375 C-8.76675781 8.3465625 -8.78351562 7.2946875 -8.80078125 6.2109375 C-8.4375 3.3984375 -8.4375 3.3984375 -7.25463867 1.74755859 C-4.76860849 -0.09817603 -3.07744654 0.01072815 0 0 Z M3.5625 3.3984375 C3.5625 6.0384375 3.5625 8.6784375 3.5625 11.3984375 C5.2125 11.3984375 6.8625 11.3984375 8.5625 11.3984375 C8.5625 8.7584375 8.5625 6.1184375 8.5625 3.3984375 C6.9125 3.3984375 5.2625 3.3984375 3.5625 3.3984375 Z M12.5625 3.3984375 C13.5525 4.3884375 14.5425 5.3784375 15.5625 6.3984375 C16.2225 5.4084375 16.8825 4.4184375 17.5625 3.3984375 C15.9125 3.3984375 14.2625 3.3984375 12.5625 3.3984375 Z M13.5625 10.3984375 C14.5525 11.8834375 14.5525 11.8834375 15.5625 13.3984375 C15.8925 12.4084375 16.2225 11.4184375 16.5625 10.3984375 C15.5725 10.3984375 14.5825 10.3984375 13.5625 10.3984375 Z M-4.4375 11.3984375 C-4.4375 12.0584375 -4.4375 12.7184375 -4.4375 13.3984375 C-3.4475 13.7284375 -2.4575 14.0584375 -1.4375 14.3984375 C-0.7775 14.0684375 -0.1175 13.7384375 0.5625 13.3984375 C0.5625 12.7384375 0.5625 12.0784375 0.5625 11.3984375 C-1.0875 11.3984375 -2.7375 11.3984375 -4.4375 11.3984375 Z M11.5625 12.3984375 C12.5525 13.8834375 12.5525 13.8834375 13.5625 15.3984375 C13.5625 14.4084375 13.5625 13.4184375 13.5625 12.3984375 C12.9025 12.3984375 12.2425 12.3984375 11.5625 12.3984375 Z M16.5625 12.3984375 C17.5625 14.3984375 17.5625 14.3984375 17.5625 14.3984375 Z \" fill=\"#FFFFFF\" transform=\"translate(8.4375,-0.3984375)\"><\/path><path d=\"M0 0 C1.32 0.33 2.64 0.66 4 1 C4 3.97 4 6.94 4 10 C2.02 10 0.04 10 -2 10 C-1.85950482 8.52031676 -1.71245174 7.04125484 -1.5625 5.5625 C-1.48128906 4.73878906 -1.40007813 3.91507813 -1.31640625 3.06640625 C-1 1 -1 1 0 0 Z \" fill=\"#FFFFFF\" transform=\"translate(26,20)\"><\/path><path d=\"M0 0 C0.99 0.33 1.98 0.66 3 1 C3.33 3.97 3.66 6.94 4 10 C2.02 10 0.04 10 -2 10 C-2 7.03 -2 4.06 -2 1 C-1.34 0.67 -0.68 0.34 0 0 Z \" fill=\"#FFFFFF\" transform=\"translate(2,20)\"><\/path><path d=\"M0 0 C1.32 0.33 2.64 0.66 4 1 C4 3.97 4 6.94 4 10 C2.02 10 0.04 10 -2 10 C-1.85950482 8.52031676 -1.71245174 7.04125484 -1.5625 5.5625 C-1.48128906 4.73878906 -1.40007813 3.91507813 -1.31640625 3.06640625 C-1 1 -1 1 0 0 Z \" fill=\"#FFFFFF\" transform=\"translate(18,20)\"><\/path><path d=\"M0 0 C0.99 0.33 1.98 0.66 3 1 C3.33 3.97 3.66 6.94 4 10 C2.02 10 0.04 10 -2 10 C-2 7.03 -2 4.06 -2 1 C-1.34 0.67 -0.68 0.34 0 0 Z \" fill=\"#FFFFFF\" transform=\"translate(10,20)\"><\/path><path d=\"M0 0 C0.99 0 1.98 0 3 0 C2.67 1.65 2.34 3.3 2 5 C1.34 4.67 0.68 4.34 0 4 C0 2.68 0 1.36 0 0 Z \" fill=\"#FFFFFF\" transform=\"translate(13,5)\"><\/path><\/svg>\t\t\t\t\t\t<\/div><!-- \/.funfact-one__icon -->\r\n\t\t\t\t\t\t<div class=\"funfact-one__content\">\r\n\t\t\t\t\t\t\t<h3 class=\"funfact-one__count\"><span class=\"count-text\" data-stop=\"100\" data-speed=\"1500\"><\/span>+\t\t\t\t\t\t\t<\/h3>\r\n\t\t\t\t\t\t\t<!-- \/.funfact-one__count -->\r\n\t\t\t\t\t\t\t<p class=\"funfact-one__text\">Aktivitete t\u00eb ndryshme<\/p><!-- \/.funfact-one__text -->\r\n\t\t\t\t\t\t<\/div><!-- \/.funfact-one__content -->\r\n\t\t\t\t\t<\/li><!-- \/.funfact-one__item -->\r\n\t\t\t\t\t\t\t<\/ul><!-- \/.list-unstyled funfact-one__list -->\r\n\t\t<\/div><!-- \/.container -->\r\n\t<\/section><!-- \/.funfact-one -->\r\n\t\t\t\t<\/div>\n\t\t\t\t<\/div>\n\t\t\t\t<\/div>\n\t\t<div class=\"elementor-element elementor-element-5bb706ca e-con-full e-flex e-con e-parent\" data-id=\"5bb706ca\" data-element_type=\"container\">\n\t\t\t\t<div class=\"elementor-element elementor-element-4d1eda28 elementor-widget elementor-widget-careox-sponsors\" data-id=\"4d1eda28\" data-element_type=\"widget\" data-widget_type=\"careox-sponsors.default\">\n\t\t\t\t<div class=\"elementor-widget-container\">\n\t\t\t\t\t\t<div class=\"client-carousel \">\r\n\t\t<div class=\"container\">\r\n\t\t\t<div class=\"client-carousel__one careox-owl__carousel owl-theme owl-carousel\" data-owl-options='{&quot;loop&quot;:true,&quot;margin&quot;:0,&quot;items&quot;:1,&quot;nav&quot;:false,&quot;dots&quot;:true,&quot;smartSpeed&quot;:700,&quot;autoplay&quot;:true,&quot;autoplayTimeout&quot;:5000,&quot;animateOut&quot;:&quot;&quot;,&quot;animateIn&quot;:&quot;&quot;,&quot;autoplayHoverPause&quot;:true,&quot;responsive&quot;:{&quot;0&quot;:{&quot;margin&quot;:0,&quot;items&quot;:1},&quot;360&quot;:{&quot;margin&quot;:30,&quot;items&quot;:2},&quot;575&quot;:{&quot;margin&quot;:30,&quot;items&quot;:3},&quot;992&quot;:{&quot;margin&quot;:30,&quot;items&quot;:4}}}'>\r\n\t\t\t\t\t\t\t\t\t<div class=\"client-carousel__one__item\">\r\n\t\t\t\t\t\t<img decoding=\"async\" src=\"https:\/\/hareja.org\/wp-content\/uploads\/2025\/06\/1.png\" alt=\"1\" title=\"1\" class=\"client-carousel__one__item__normal\" >\t\t\t\t\t\t<img decoding=\"async\" src=\"https:\/\/hareja.org\/wp-content\/uploads\/2025\/06\/1.png\" alt=\"1\" title=\"1\" class=\"client-carousel__one__item__hover\" >\t\t\t\t\t<\/div><!-- \/.owl-slide-item-->\r\n\t\t\t\t\t\t\t\t\t<div class=\"client-carousel__one__item\">\r\n\t\t\t\t\t\t<img decoding=\"async\" src=\"https:\/\/hareja.org\/wp-content\/uploads\/2025\/06\/2-1.png\" alt=\"2\" title=\"2\" class=\"client-carousel__one__item__normal\" >\t\t\t\t\t\t<img decoding=\"async\" src=\"https:\/\/hareja.org\/wp-content\/uploads\/2025\/06\/2-1.png\" alt=\"2\" title=\"2\" class=\"client-carousel__one__item__hover\" >\t\t\t\t\t<\/div><!-- \/.owl-slide-item-->\r\n\t\t\t\t\t\t\t\t\t<div class=\"client-carousel__one__item\">\r\n\t\t\t\t\t\t<img decoding=\"async\" src=\"https:\/\/hareja.org\/wp-content\/uploads\/2025\/06\/3-1.png\" alt=\"3\" title=\"3\" class=\"client-carousel__one__item__normal\" >\t\t\t\t\t\t<img decoding=\"async\" src=\"https:\/\/hareja.org\/wp-content\/uploads\/2025\/06\/3-1.png\" alt=\"3\" title=\"3\" class=\"client-carousel__one__item__hover\" >\t\t\t\t\t<\/div><!-- \/.owl-slide-item-->\r\n\t\t\t\t\t\t\t\t\t<div class=\"client-carousel__one__item\">\r\n\t\t\t\t\t\t<img decoding=\"async\" src=\"https:\/\/hareja.org\/wp-content\/uploads\/2025\/06\/4.png\" alt=\"4\" title=\"4\" class=\"client-carousel__one__item__normal\" >\t\t\t\t\t\t<img decoding=\"async\" src=\"https:\/\/hareja.org\/wp-content\/uploads\/2025\/06\/4.png\" alt=\"4\" title=\"4\" class=\"client-carousel__one__item__hover\" >\t\t\t\t\t<\/div><!-- \/.owl-slide-item-->\r\n\t\t\t\t\t\t\t<\/div><!-- \/.thm-owl__slider -->\r\n\t\t<\/div><!-- \/.container -->\r\n\t<\/div><!-- \/.client-carousel -->\r\n\t\t\t\t<\/div>\n\t\t\t\t<\/div>\n\t\t\t\t<\/div>\n\t\t\t\t<\/div>\n\t\t","protected":false},"excerpt":{"rendered":"<p>Rreth nesh OJQ HAREJA \u00cbsht\u00eb organizat\u00eb joqeveritare e themeluar n\u00eb vitin 2002, me q\u00ebllim promovimin e zhvillimit t\u00eb shoq\u00ebris\u00eb p\u00ebrmes zbatimit t\u00eb projekteve dhe aktiviteteve n\u00eb fushat: Sociale Edukative Kulturore Organizata synon t\u00eb fuqizoj\u00eb t\u00eb rinjt\u00eb dhe t\u00eb rriturit p\u00ebrmes p\u00ebrfshirjes aktive dhe bashk\u00ebpunimit me organizata vendore dhe nd\u00ebrkomb\u00ebtare. + Trajnime + Pun\u00ebtori + Aktivitete [&hellip;]<\/p>\n","protected":false},"author":1,"featured_media":0,"parent":0,"menu_order":0,"comment_status":"closed","ping_status":"closed","template":"elementor_header_footer","meta":{"footnotes":""},"class_list":["post-72","page","type-page","status-publish","hentry"],"aioseo_notices":[],"_links":{"self":[{"href":"https:\/\/hareja.org\/index.php?rest_route=\/wp\/v2\/pages\/72","targetHints":{"allow":["GET"]}}],"collection":[{"href":"https:\/\/hareja.org\/index.php?rest_route=\/wp\/v2\/pages"}],"about":[{"href":"https:\/\/hareja.org\/index.php?rest_route=\/wp\/v2\/types\/page"}],"author":[{"embeddable":true,"href":"https:\/\/hareja.org\/index.php?rest_route=\/wp\/v2\/users\/1"}],"replies":[{"embeddable":true,"href":"https:\/\/hareja.org\/index.php?rest_route=%2Fwp%2Fv2%2Fcomments&post=72"}],"version-history":[{"count":29,"href":"https:\/\/hareja.org\/index.php?rest_route=\/wp\/v2\/pages\/72\/revisions"}],"predecessor-version":[{"id":3310,"href":"https:\/\/hareja.org\/index.php?rest_route=\/wp\/v2\/pages\/72\/revisions\/3310"}],"wp:attachment":[{"href":"https:\/\/hareja.org\/index.php?rest_route=%2Fwp%2Fv2%2Fmedia&parent=72"}],"curies":[{"name":"wp","href":"https:\/\/api.w.org\/{rel}","templated":true}]}}