{"id":76,"date":"2024-06-09T05:01:39","date_gmt":"2024-06-09T05:01:39","guid":{"rendered":"http:\/\/careox-demo.local\/?page_id=76"},"modified":"2025-06-24T11:02:55","modified_gmt":"2025-06-24T09:02:55","slug":"volunteers","status":"publish","type":"page","link":"https:\/\/hareja.org\/?page_id=76","title":{"rendered":"Ekipi yn\u00eb"},"content":{"rendered":"\t\t<div data-elementor-type=\"wp-page\" data-elementor-id=\"76\" class=\"elementor elementor-76\">\n\t\t\t\t<div class=\"elementor-element elementor-element-2180514 e-con-full e-flex e-con e-parent\" data-id=\"2180514\" data-element_type=\"container\">\n\t\t\t\t<div class=\"elementor-element elementor-element-6582245 elementor-widget elementor-widget-careox-team\" data-id=\"6582245\" data-element_type=\"widget\" data-widget_type=\"careox-team.default\">\n\t\t\t\t<div class=\"elementor-widget-container\">\n\t\t\t\t\t\t<section class=\"team-two team-two--page\">\r\n\t\t<div class=\"container\">\r\n\t\t\t\t\t\t\t<div class=\"sec-title text-center\">\r\n\t\t\t\t\t\t\t\t\t\t\t<h6 class=\"sec-title__tagline bw-split-in-right\"><span class=\"sec-title__tagline__border\"><\/span>Ekipi yn\u00eb<\/h6><!-- \/.sec-title__tagline -->\r\n\t\t\t\t\t\t\t\t\t\t\t\t\t\t\t\t<h3 class=\"sec-title__title bw-split-in-left\">Njoftohu me an\u00ebtar\u00ebt tan\u00eb<\/h3><!-- \/.sec-title__title -->\r\n\t\t\t\t\t\t\t\t\t<\/div><!-- \/.sec-title -->\r\n\t\t\t\t\t\t<div class=\"row gutter-y-30\">\r\n\t\t\t\t\t\t\t\t\t<div class=\"col-lg-4 col-md-6\">\r\n\t\t\t\t\t\t<div class=\"team-card-two wow fadeInUp\" data-wow-duration='1500ms' data-wow-delay='00ms' style='--accent-color: #ffa415;'>\r\n\t\t\t\t\t\t\t<div class=\"team-card-two__content\">\r\n\t\t\t\t\t\t\t\t<h3 class=\"team-card-two__title\">\r\n\t\t\t\t\t\t\t\t\t<a href=\"\"  >Bajrush Kosumi<\/a>\r\n\t\t\t\t\t\t\t\t<\/h3><!-- \/.team-card-two__title -->\r\n\t\t\t\t\t\t\t\t<p class=\"team-card-two__designation\">Drejtor<\/p><!-- \/.team-card-two__designation -->\r\n\t\t\t\t\t\t\t\t<div class=\"team-card-two__hover\">\r\n\t\t\t\t\t\t\t\t\t<span class=\"team-card-two__hover__btn\"><\/span>\r\n\t\t\t\t\t\t\t\t\t<div class=\"team-card-two__hover__social\">\r\n\t\t\t\t\t\t\t\t\t\t<a href=\"https:\/\/www.facebook.com\/bajrush.kosumi\/\" style=\"--accent-color: #ffa415\">\r\n<i class=\"fab fa-facebook-f\" aria-hidden=\"true\"><\/i>\r\n<span class=\"sr-only\">Facebook<\/span>\r\n<\/a>\t\t\t\t\t\t\t\t\t<\/div><!-- \/.team-card-two__social -->\r\n\t\t\t\t\t\t\t\t<\/div><!-- \/.team-card-two__hover -->\r\n\t\t\t\t\t\t\t<\/div><!-- \/.team-card-two__content -->\r\n\t\t\t\t\t\t\t<div class=\"team-card-two__image\">\r\n\t\t\t\t\t\t\t\t<img decoding=\"async\" src=\"https:\/\/hareja.org\/wp-content\/uploads\/2025\/06\/bajrush.png\" alt=\"bajrush\" title=\"bajrush\" >\t\t\t\t\t\t\t<\/div><!-- \/.team-card-two__image -->\r\n\t\t\t\t\t\t<\/div><!-- \/.team-card-two -->\r\n\t\t\t\t\t<\/div><!-- \/.col-lg-4 col-md-6 -->\r\n\t\t\t\t\t\t\t\t\t<div class=\"col-lg-4 col-md-6\">\r\n\t\t\t\t\t\t<div class=\"team-card-two wow fadeInUp\" data-wow-duration='1500ms' data-wow-delay='00ms' style='--accent-color: #FC5528;'>\r\n\t\t\t\t\t\t\t<div class=\"team-card-two__content\">\r\n\t\t\t\t\t\t\t\t<h3 class=\"team-card-two__title\">\r\n\t\t\t\t\t\t\t\t\t<a href=\"\"  >Blerim Zymberi<\/a>\r\n\t\t\t\t\t\t\t\t<\/h3><!-- \/.team-card-two__title -->\r\n\t\t\t\t\t\t\t\t<p class=\"team-card-two__designation\">Menaxher<\/p><!-- \/.team-card-two__designation -->\r\n\t\t\t\t\t\t\t\t<div class=\"team-card-two__hover\">\r\n\t\t\t\t\t\t\t\t\t<span class=\"team-card-two__hover__btn\"><\/span>\r\n\t\t\t\t\t\t\t\t\t<div class=\"team-card-two__hover__social\">\r\n\t\t\t\t\t\t\t\t\t\t<a href=\"https:\/\/www.facebook.com\/blerim.zymberi.1\" style=\"--accent-color: #ffa415\">\r\n<i class=\"fab fa-facebook-f\" aria-hidden=\"true\"><\/i>\r\n<span class=\"sr-only\">Facebook<\/span>\r\n<\/a>\t\t\t\t\t\t\t\t\t<\/div><!-- \/.team-card-two__social -->\r\n\t\t\t\t\t\t\t\t<\/div><!-- \/.team-card-two__hover -->\r\n\t\t\t\t\t\t\t<\/div><!-- \/.team-card-two__content -->\r\n\t\t\t\t\t\t\t<div class=\"team-card-two__image\">\r\n\t\t\t\t\t\t\t\t<img decoding=\"async\" src=\"https:\/\/hareja.org\/wp-content\/uploads\/2025\/06\/blerim.png\" alt=\"blerim\" title=\"blerim\" >\t\t\t\t\t\t\t<\/div><!-- \/.team-card-two__image -->\r\n\t\t\t\t\t\t<\/div><!-- \/.team-card-two -->\r\n\t\t\t\t\t<\/div><!-- \/.col-lg-4 col-md-6 -->\r\n\t\t\t\t\t\t\t\t\t<div class=\"col-lg-4 col-md-6\">\r\n\t\t\t\t\t\t<div class=\"team-card-two wow fadeInUp\" data-wow-duration='1500ms' data-wow-delay='00ms' style='--accent-color: #8139E7;'>\r\n\t\t\t\t\t\t\t<div class=\"team-card-two__content\">\r\n\t\t\t\t\t\t\t\t<h3 class=\"team-card-two__title\">\r\n\t\t\t\t\t\t\t\t\t<a href=\"https:\/\/hareja.org\/volunteer-details\/\"  >Lirim Kosumi<\/a>\r\n\t\t\t\t\t\t\t\t<\/h3><!-- \/.team-card-two__title -->\r\n\t\t\t\t\t\t\t\t<p class=\"team-card-two__designation\">P\u00ebrgjegj\u00ebs i financave<\/p><!-- \/.team-card-two__designation -->\r\n\t\t\t\t\t\t\t\t<div class=\"team-card-two__hover\">\r\n\t\t\t\t\t\t\t\t\t<span class=\"team-card-two__hover__btn\"><\/span>\r\n\t\t\t\t\t\t\t\t\t<div class=\"team-card-two__hover__social\">\r\n\t\t\t\t\t\t\t\t\t\t<a href=\"https:\/\/www.facebook.com\/lirim.kosumi\" style=\"--accent-color: #ffa415\">\r\n<i class=\"fab fa-facebook-f\" aria-hidden=\"true\"><\/i>\r\n<span class=\"sr-only\">Facebook<\/span>\r\n<\/a>\t\t\t\t\t\t\t\t\t<\/div><!-- \/.team-card-two__social -->\r\n\t\t\t\t\t\t\t\t<\/div><!-- \/.team-card-two__hover -->\r\n\t\t\t\t\t\t\t<\/div><!-- \/.team-card-two__content -->\r\n\t\t\t\t\t\t\t<div class=\"team-card-two__image\">\r\n\t\t\t\t\t\t\t\t<img decoding=\"async\" src=\"https:\/\/hareja.org\/wp-content\/uploads\/2025\/06\/490809932_29722091260737655_1765288438332075166_n-1.jpg\" alt=\"490809932_29722091260737655_1765288438332075166_n\" title=\"490809932_29722091260737655_1765288438332075166_n\" >\t\t\t\t\t\t\t<\/div><!-- \/.team-card-two__image -->\r\n\t\t\t\t\t\t<\/div><!-- \/.team-card-two -->\r\n\t\t\t\t\t<\/div><!-- \/.col-lg-4 col-md-6 -->\r\n\t\t\t\t\t\t\t<\/div><!-- \/.row -->\r\n\t\t<\/div><!-- \/.container -->\r\n\t<\/section><!-- \/.team-two -->\r\n\t\t\t\t<\/div>\n\t\t\t\t<\/div>\n\t\t\t\t<\/div>\n\t\t\t\t<\/div>\n\t\t","protected":false},"excerpt":{"rendered":"<p>Ekipi yn\u00eb Njoftohu me an\u00ebtar\u00ebt tan\u00eb Bajrush Kosumi Drejtor Facebook Blerim Zymberi Menaxher Facebook Lirim Kosumi P\u00ebrgjegj\u00ebs i financave Facebook<\/p>\n","protected":false},"author":1,"featured_media":0,"parent":0,"menu_order":0,"comment_status":"closed","ping_status":"closed","template":"elementor_header_footer","meta":{"footnotes":""},"class_list":["post-76","page","type-page","status-publish","hentry"],"aioseo_notices":[],"_links":{"self":[{"href":"https:\/\/hareja.org\/index.php?rest_route=\/wp\/v2\/pages\/76","targetHints":{"allow":["GET"]}}],"collection":[{"href":"https:\/\/hareja.org\/index.php?rest_route=\/wp\/v2\/pages"}],"about":[{"href":"https:\/\/hareja.org\/index.php?rest_route=\/wp\/v2\/types\/page"}],"author":[{"embeddable":true,"href":"https:\/\/hareja.org\/index.php?rest_route=\/wp\/v2\/users\/1"}],"replies":[{"embeddable":true,"href":"https:\/\/hareja.org\/index.php?rest_route=%2Fwp%2Fv2%2Fcomments&post=76"}],"version-history":[{"count":8,"href":"https:\/\/hareja.org\/index.php?rest_route=\/wp\/v2\/pages\/76\/revisions"}],"predecessor-version":[{"id":3398,"href":"https:\/\/hareja.org\/index.php?rest_route=\/wp\/v2\/pages\/76\/revisions\/3398"}],"wp:attachment":[{"href":"https:\/\/hareja.org\/index.php?rest_route=%2Fwp%2Fv2%2Fmedia&parent=76"}],"curies":[{"name":"wp","href":"https:\/\/api.w.org\/{rel}","templated":true}]}}